{"id":111,"date":"2021-09-10T07:47:51","date_gmt":"2021-09-10T07:47:51","guid":{"rendered":"https:\/\/ninetheme.com\/themes\/goldsmith\/?page_id=111"},"modified":"2023-07-15T02:02:55","modified_gmt":"2023-07-14T23:02:55","slug":"contact","status":"publish","type":"page","link":"https:\/\/onarlar.com.tr\/index.php\/contact\/","title":{"rendered":"Contact"},"content":{"rendered":"\t\t<div data-elementor-type=\"wp-page\" data-elementor-id=\"111\" class=\"elementor elementor-111\">\n\t\t\t\t\t\t<section class=\"gap-no elementor-section elementor-top-section elementor-element elementor-element-c096aa1 elementor-section-content-middle elementor-reverse-mobile nt-section section-padding pt-0 elementor-section-boxed elementor-section-height-default elementor-section-height-default\" data-id=\"c096aa1\" data-element_type=\"section\" data-e-type=\"section\">\n\t\t\t\t\t\t<div class=\"elementor-container elementor-column-gap-no\">\n\t\t\t\t\t<div class=\"elementor-column elementor-col-50 elementor-top-column elementor-element elementor-element-248acc9\" data-id=\"248acc9\" data-element_type=\"column\" data-e-type=\"column\">\n\t\t\t<div class=\"elementor-widget-wrap elementor-element-populated\">\n\t\t\t\t\t\t<div class=\"elementor-element elementor-element-3e0076e elementor-widget elementor-widget-google_maps\" data-id=\"3e0076e\" data-element_type=\"widget\" data-e-type=\"widget\" data-widget_type=\"google_maps.default\">\n\t\t\t\t<div class=\"elementor-widget-container\">\n\t\t\t\t\t\t\t<div class=\"elementor-custom-embed\">\n\t\t\t<iframe loading=\"lazy\"\n\t\t\t\t\tsrc=\"https:\/\/maps.google.com\/maps?q=P%C4%B1narba%C5%9F%C4%B1%2C%20Onarlar%20Sarraf%2C%20Cumhuriyet%20Mahallesi%2C%20Kazanc%C4%B1lar%20Cd.%20No%3A41%2FF%2C%2038040%20Melikgazi%2FKayseri&#038;t=m&#038;z=10&#038;output=embed&#038;iwloc=near\"\n\t\t\t\t\ttitle=\"P\u0131narba\u015f\u0131, Onarlar Sarraf, Cumhuriyet Mahallesi, Kazanc\u0131lar Cd. No:41\/F, 38040 Melikgazi\/Kayseri\"\n\t\t\t\t\taria-label=\"P\u0131narba\u015f\u0131, Onarlar Sarraf, Cumhuriyet Mahallesi, Kazanc\u0131lar Cd. No:41\/F, 38040 Melikgazi\/Kayseri\"\n\t\t\t><\/iframe>\n\t\t<\/div>\n\t\t\t\t\t\t<\/div>\n\t\t\t\t<\/div>\n\t\t\t\t\t<\/div>\n\t\t<\/div>\n\t\t\t\t<div class=\"elementor-column elementor-col-50 elementor-top-column elementor-element elementor-element-e3acdc0\" data-id=\"e3acdc0\" data-element_type=\"column\" data-e-type=\"column\">\n\t\t\t<div class=\"elementor-widget-wrap elementor-element-populated\">\n\t\t\t\t\t\t<section class=\"gap-extended elementor-section elementor-inner-section elementor-element elementor-element-9f9815b elementor-section-boxed elementor-section-height-default elementor-section-height-default\" data-id=\"9f9815b\" data-element_type=\"section\" data-e-type=\"section\">\n\t\t\t\t\t\t<div class=\"elementor-container elementor-column-gap-extended\">\n\t\t\t\t\t<div class=\"elementor-column elementor-col-50 elementor-inner-column elementor-element elementor-element-76e44f7\" data-id=\"76e44f7\" data-element_type=\"column\" data-e-type=\"column\">\n\t\t\t<div class=\"elementor-widget-wrap elementor-element-populated\">\n\t\t\t\t\t\t<div class=\"elementor-element elementor-element-64ac5d8 goldsmith-transform transform-type-translate elementor-widget elementor-widget-heading\" data-id=\"64ac5d8\" data-element_type=\"widget\" data-e-type=\"widget\" data-widget_type=\"heading.default\">\n\t\t\t\t<div class=\"elementor-widget-container\">\n\t\t\t\t\t<h3 class=\"elementor-heading-title elementor-size-default\">Onarlar - Kayseri Ma\u011faza<\/h3>\t\t\t\t<\/div>\n\t\t\t\t<\/div>\n\t\t\t\t<div class=\"elementor-element elementor-element-6b27446 goldsmith-transform transform-type-translate elementor-widget elementor-widget-heading\" data-id=\"6b27446\" data-element_type=\"widget\" data-e-type=\"widget\" data-widget_type=\"heading.default\">\n\t\t\t\t<div class=\"elementor-widget-container\">\n\t\t\t\t\t<p class=\"elementor-heading-title elementor-size-default\">Cumhuriyet Mahallesi, Kazanc\u0131lar Cad. No:41\/F Melikgazi\/Kayseri<\/p>\t\t\t\t<\/div>\n\t\t\t\t<\/div>\n\t\t\t\t<div class=\"elementor-element elementor-element-7c77974 goldsmith-transform transform-type-translate elementor-widget elementor-widget-heading\" data-id=\"7c77974\" data-element_type=\"widget\" data-e-type=\"widget\" data-widget_type=\"heading.default\">\n\t\t\t\t<div class=\"elementor-widget-container\">\n\t\t\t\t\t<p class=\"elementor-heading-title elementor-size-default\">0501 062 3638<\/p>\t\t\t\t<\/div>\n\t\t\t\t<\/div>\n\t\t\t\t<div class=\"elementor-element elementor-element-53e6f83 goldsmith-transform transform-type-translate elementor-widget elementor-widget-heading\" data-id=\"53e6f83\" data-element_type=\"widget\" data-e-type=\"widget\" data-widget_type=\"heading.default\">\n\t\t\t\t<div class=\"elementor-widget-container\">\n\t\t\t\t\t<p class=\"elementor-heading-title elementor-size-default\">0352 222 7131<\/p>\t\t\t\t<\/div>\n\t\t\t\t<\/div>\n\t\t\t\t\t<\/div>\n\t\t<\/div>\n\t\t\t\t<div class=\"elementor-column elementor-col-50 elementor-inner-column elementor-element elementor-element-fef46df\" data-id=\"fef46df\" data-element_type=\"column\" data-e-type=\"column\">\n\t\t\t<div class=\"elementor-widget-wrap elementor-element-populated\">\n\t\t\t\t\t\t<div class=\"elementor-element elementor-element-620b9af goldsmith-transform transform-type-translate elementor-widget elementor-widget-heading\" data-id=\"620b9af\" data-element_type=\"widget\" data-e-type=\"widget\" data-widget_type=\"heading.default\">\n\t\t\t\t<div class=\"elementor-widget-container\">\n\t\t\t\t\t<h3 class=\"elementor-heading-title elementor-size-default\">H\u0131zl\u0131 Yard\u0131m<\/h3>\t\t\t\t<\/div>\n\t\t\t\t<\/div>\n\t\t\t\t<div class=\"elementor-element elementor-element-3d6b154 goldsmith-transform transform-type-translate elementor-widget elementor-widget-heading\" data-id=\"3d6b154\" data-element_type=\"widget\" data-e-type=\"widget\" data-widget_type=\"heading.default\">\n\t\t\t\t<div class=\"elementor-widget-container\">\n\t\t\t\t\t<p class=\"elementor-heading-title elementor-size-default\">\u00dcr\u00fcnlerimiz hakk\u0131nda merak etti\u011finiz her \u015feyi sorabilirsiniz.<\/p>\t\t\t\t<\/div>\n\t\t\t\t<\/div>\n\t\t\t\t<div class=\"elementor-element elementor-element-f533b7f goldsmith-transform transform-type-translate elementor-widget elementor-widget-heading\" data-id=\"f533b7f\" data-element_type=\"widget\" data-e-type=\"widget\" data-widget_type=\"heading.default\">\n\t\t\t\t<div class=\"elementor-widget-container\">\n\t\t\t\t\t<p class=\"elementor-heading-title elementor-size-default\"><a href=\"mailto:help@goldsmith.themecom\">destek@onarlar.com.tr<\/a><\/p>\t\t\t\t<\/div>\n\t\t\t\t<\/div>\n\t\t\t\t<div class=\"elementor-element elementor-element-32dab22 goldsmith-transform transform-type-translate elementor-widget elementor-widget-heading\" data-id=\"32dab22\" data-element_type=\"widget\" data-e-type=\"widget\" data-widget_type=\"heading.default\">\n\t\t\t\t<div class=\"elementor-widget-container\">\n\t\t\t\t\t<p class=\"elementor-heading-title elementor-size-default\"><a href=\"mailto:help@goldsmith.themecom\"> <\/a><\/p>\t\t\t\t<\/div>\n\t\t\t\t<\/div>\n\t\t\t\t\t<\/div>\n\t\t<\/div>\n\t\t\t\t\t<\/div>\n\t\t<\/section>\n\t\t\t\t<section class=\"gap-extended elementor-section elementor-inner-section elementor-element elementor-element-a3512a3 elementor-section-boxed elementor-section-height-default elementor-section-height-default\" data-id=\"a3512a3\" data-element_type=\"section\" data-e-type=\"section\">\n\t\t\t\t\t\t<div class=\"elementor-container elementor-column-gap-extended\">\n\t\t\t\t\t<div class=\"elementor-column elementor-col-100 elementor-inner-column elementor-element elementor-element-1d87fe9\" data-id=\"1d87fe9\" data-element_type=\"column\" data-e-type=\"column\">\n\t\t\t<div class=\"elementor-widget-wrap elementor-element-populated\">\n\t\t\t\t\t\t<div class=\"elementor-element elementor-element-dddaa6f goldsmith-transform transform-type-translate elementor-widget elementor-widget-heading\" data-id=\"dddaa6f\" data-element_type=\"widget\" data-e-type=\"widget\" data-widget_type=\"heading.default\">\n\t\t\t\t<div class=\"elementor-widget-container\">\n\t\t\t\t\t<h3 class=\"elementor-heading-title elementor-size-default\">\u0130leti\u015fim<\/h3>\t\t\t\t<\/div>\n\t\t\t\t<\/div>\n\t\t\t\t<div class=\"elementor-element elementor-element-3d2b6e5 elementor-widget elementor-widget-goldsmith-contact-form-7\" data-id=\"3d2b6e5\" data-element_type=\"widget\" data-e-type=\"widget\" data-widget_type=\"goldsmith-contact-form-7.default\">\n\t\t\t\t<div class=\"elementor-widget-container\">\n\t\t\t\t\t<div class=\"goldsmith-cf7-form-wrapper form_front\">\n<div class=\"wpcf7 no-js\" id=\"wpcf7-f3146-o1\" lang=\"en-US\" dir=\"ltr\" data-wpcf7-id=\"3146\">\n<div class=\"screen-reader-response\"><p role=\"status\" aria-live=\"polite\" aria-atomic=\"true\"><\/p> <ul><\/ul><\/div>\n<form action=\"\/index.php\/wp-json\/wp\/v2\/pages\/111#wpcf7-f3146-o1\" method=\"post\" class=\"wpcf7-form init demo\" aria-label=\"Contact form\" novalidate=\"novalidate\" data-status=\"init\">\n<fieldset class=\"hidden-fields-container\"><input type=\"hidden\" name=\"_wpcf7\" value=\"3146\" \/><input type=\"hidden\" name=\"_wpcf7_version\" value=\"6.1.5\" \/><input type=\"hidden\" name=\"_wpcf7_locale\" value=\"en_US\" \/><input type=\"hidden\" name=\"_wpcf7_unit_tag\" value=\"wpcf7-f3146-o1\" \/><input type=\"hidden\" name=\"_wpcf7_container_post\" value=\"0\" \/><input type=\"hidden\" name=\"_wpcf7_posted_data_hash\" value=\"\" \/>\n<\/fieldset>\n<div class=\"contact-page-1-form-container\">\n\n<label>[Name* text-204 placeholder \"Ad\u0131n\u0131z\"]<\/label>\n<label><span class=\"wpcf7-form-control-wrap\" data-name=\"email-623\"><input size=\"40\" maxlength=\"400\" class=\"wpcf7-form-control wpcf7-email wpcf7-validates-as-required wpcf7-text wpcf7-validates-as-email\" aria-required=\"true\" aria-invalid=\"false\" placeholder=\"E-Posta Adresiniz\" value=\"\" type=\"email\" name=\"email-623\" \/><\/span><\/label>\n<label><span class=\"wpcf7-form-control-wrap\" data-name=\"menu-91\"><select class=\"wpcf7-form-control wpcf7-select wpcf7-validates-as-required\" aria-required=\"true\" aria-invalid=\"false\" name=\"menu-91\"><option value=\"Konu\">Konu<\/option><option value=\"\u0130ade\">\u0130ade<\/option><option value=\"Destek\">Destek<\/option><option value=\"\u00dcr\u00fcn\">\u00dcr\u00fcn<\/option><\/select><\/span><\/label>\n<span class=\"wpcf7-form-control-wrap\" data-name=\"textarea-999\"><textarea cols=\"40\" rows=\"10\" maxlength=\"2000\" class=\"wpcf7-form-control wpcf7-textarea wpcf7-validates-as-required\" aria-required=\"true\" aria-invalid=\"false\" placeholder=\"A\u00e7\u0131klama\" name=\"textarea-999\"><\/textarea><\/span>\n<button class=\"goldsmith-btn-medium goldsmith-btn goldsmith-bg-black wpcf7-submit\">G\u00f6nder<span class=\"loading-wrapper\"><span class=\"ajax-loading\"><\/span><\/span><\/button>\n<\/div><p style=\"display: none !important;\" class=\"akismet-fields-container\" data-prefix=\"_wpcf7_ak_\"><label>&#916;<textarea name=\"_wpcf7_ak_hp_textarea\" cols=\"45\" rows=\"8\" maxlength=\"100\"><\/textarea><\/label><input type=\"hidden\" id=\"ak_js_1\" name=\"_wpcf7_ak_js\" value=\"133\"\/><script>document.getElementById( \"ak_js_1\" ).setAttribute( \"value\", ( new Date() ).getTime() );<\/script><\/p><div class=\"wpcf7-response-output\" aria-hidden=\"true\"><\/div>\n<\/form>\n<\/div>\n<\/div>\t\t\t\t<\/div>\n\t\t\t\t<\/div>\n\t\t\t\t\t<\/div>\n\t\t<\/div>\n\t\t\t\t\t<\/div>\n\t\t<\/section>\n\t\t\t\t\t<\/div>\n\t\t<\/div>\n\t\t\t\t\t<\/div>\n\t\t<\/section>\n\t\t\t\t<\/div>\n\t\t","protected":false},"excerpt":{"rendered":"<p>Onarlar &#8211; Kayseri Ma\u011faza Cumhuriyet Mahallesi, Kazanc\u0131lar Cad. No:41\/F Melikgazi\/Kayseri 0501 062 3638 0352 222 7131 H\u0131zl\u0131 Yard\u0131m \u00dcr\u00fcnlerimiz hakk\u0131nda merak etti\u011finiz her \u015feyi sorabilirsiniz. destek@onarlar.com.tr \u0130leti\u015fim Konu\u0130adeDestek\u00dcr\u00fcn G\u00f6nder<\/p>\n","protected":false},"author":1,"featured_media":0,"parent":0,"menu_order":0,"comment_status":"closed","ping_status":"closed","template":"","meta":{"_joinchat":[],"footnotes":""},"class_list":{"0":"post-111","1":"page","2":"type-page","3":"status-publish","4":"hentry","5":"nt-post-class","6":"","7":"thumb-none","9":"excerpt-none"},"jetpack_sharing_enabled":true,"_links":{"self":[{"href":"https:\/\/onarlar.com.tr\/index.php\/wp-json\/wp\/v2\/pages\/111","targetHints":{"allow":["GET"]}}],"collection":[{"href":"https:\/\/onarlar.com.tr\/index.php\/wp-json\/wp\/v2\/pages"}],"about":[{"href":"https:\/\/onarlar.com.tr\/index.php\/wp-json\/wp\/v2\/types\/page"}],"author":[{"embeddable":true,"href":"https:\/\/onarlar.com.tr\/index.php\/wp-json\/wp\/v2\/users\/1"}],"replies":[{"embeddable":true,"href":"https:\/\/onarlar.com.tr\/index.php\/wp-json\/wp\/v2\/comments?post=111"}],"version-history":[{"count":9,"href":"https:\/\/onarlar.com.tr\/index.php\/wp-json\/wp\/v2\/pages\/111\/revisions"}],"predecessor-version":[{"id":9782,"href":"https:\/\/onarlar.com.tr\/index.php\/wp-json\/wp\/v2\/pages\/111\/revisions\/9782"}],"wp:attachment":[{"href":"https:\/\/onarlar.com.tr\/index.php\/wp-json\/wp\/v2\/media?parent=111"}],"curies":[{"name":"wp","href":"https:\/\/api.w.org\/{rel}","templated":true}]}}