{"id":1475,"date":"2021-12-04T19:19:16","date_gmt":"2021-12-04T19:19:16","guid":{"rendered":"https:\/\/ninetheme.com\/themes\/goldsmith\/?post_type=product&#038;p=1475"},"modified":"2023-07-16T02:09:55","modified_gmt":"2023-07-15T23:09:55","slug":"the-chunky-cardigan","status":"publish","type":"product","link":"https:\/\/onarlar.com.tr\/index.php\/product\/the-chunky-cardigan\/","title":{"rendered":"Fantezi Y\u00fcz\u00fck Modelleri"},"content":{"rendered":"<p>Fantezi Y\u00fcz\u00fck Modelleri\u00a0 001<\/p>\n","protected":false},"excerpt":{"rendered":"<p>Fantezi Y\u00fcz\u00fck Modelleri\u00a0 001<\/p>\n","protected":false},"featured_media":7580,"comment_status":"open","ping_status":"closed","template":"","meta":{"_joinchat":[]},"product_brand":[],"product_cat":[36],"product_tag":[50],"class_list":{"0":"post-1475","1":"product","2":"type-product","3":"status-publish","4":"has-post-thumbnail","6":"product_cat-altin-yuzukler","7":"product_tag-trend","8":"goldsmith_product_brands-arpas","9":"goldsmith_product_brands-diva","10":"goldsmith_product_brands-label","11":"goldsmith_product_brands-onargold","12":"nt-post-class","13":"","19":"first","20":"outofstock","21":"shipping-taxable","22":"purchasable","23":"product-type-simple"},"jetpack_sharing_enabled":true,"_links":{"self":[{"href":"https:\/\/onarlar.com.tr\/index.php\/wp-json\/wp\/v2\/product\/1475","targetHints":{"allow":["GET"]}}],"collection":[{"href":"https:\/\/onarlar.com.tr\/index.php\/wp-json\/wp\/v2\/product"}],"about":[{"href":"https:\/\/onarlar.com.tr\/index.php\/wp-json\/wp\/v2\/types\/product"}],"replies":[{"embeddable":true,"href":"https:\/\/onarlar.com.tr\/index.php\/wp-json\/wp\/v2\/comments?post=1475"}],"version-history":[{"count":1,"href":"https:\/\/onarlar.com.tr\/index.php\/wp-json\/wp\/v2\/product\/1475\/revisions"}],"predecessor-version":[{"id":9851,"href":"https:\/\/onarlar.com.tr\/index.php\/wp-json\/wp\/v2\/product\/1475\/revisions\/9851"}],"wp:featuredmedia":[{"embeddable":true,"href":"https:\/\/onarlar.com.tr\/index.php\/wp-json\/wp\/v2\/media\/7580"}],"wp:attachment":[{"href":"https:\/\/onarlar.com.tr\/index.php\/wp-json\/wp\/v2\/media?parent=1475"}],"wp:term":[{"taxonomy":"product_brand","embeddable":true,"href":"https:\/\/onarlar.com.tr\/index.php\/wp-json\/wp\/v2\/product_brand?post=1475"},{"taxonomy":"product_cat","embeddable":true,"href":"https:\/\/onarlar.com.tr\/index.php\/wp-json\/wp\/v2\/product_cat?post=1475"},{"taxonomy":"product_tag","embeddable":true,"href":"https:\/\/onarlar.com.tr\/index.php\/wp-json\/wp\/v2\/product_tag?post=1475"}],"curies":[{"name":"wp","href":"https:\/\/api.w.org\/{rel}","templated":true}]}}