{"id":1525,"date":"2021-12-05T09:37:53","date_gmt":"2021-12-05T09:37:53","guid":{"rendered":"https:\/\/ninetheme.com\/themes\/goldsmith\/?post_type=product&#038;p=1525"},"modified":"2023-07-16T01:39:04","modified_gmt":"2023-07-15T22:39:04","slug":"lightweight-french-jogger","status":"publish","type":"product","link":"https:\/\/onarlar.com.tr\/index.php\/product\/lightweight-french-jogger\/","title":{"rendered":"Alt\u0131n Y\u00fcz\u00fck Modelleri"},"content":{"rendered":"<p>Alt\u0131n Y\u00fcz\u00fck Modelleri\u00a0 001<\/p>\n","protected":false},"excerpt":{"rendered":"<p>Alt\u0131n Y\u00fcz\u00fck Modelleri\u00a0 002<\/p>\n","protected":false},"featured_media":7558,"comment_status":"open","ping_status":"closed","template":"","meta":{"_joinchat":[]},"product_brand":[],"product_cat":[36],"product_tag":[26,50],"class_list":{"0":"post-1525","1":"product","2":"type-product","3":"status-publish","4":"has-post-thumbnail","6":"product_cat-altin-yuzukler","7":"product_tag-cok-satan","8":"product_tag-trend","9":"goldsmith_product_brands-arpas","10":"goldsmith_product_brands-diva","11":"goldsmith_product_brands-label","12":"goldsmith_product_brands-onargold","13":"nt-post-class","14":"","20":"first","21":"outofstock","22":"sale","23":"downloadable","24":"shipping-taxable","25":"purchasable","26":"product-type-simple"},"jetpack_sharing_enabled":true,"_links":{"self":[{"href":"https:\/\/onarlar.com.tr\/index.php\/wp-json\/wp\/v2\/product\/1525","targetHints":{"allow":["GET"]}}],"collection":[{"href":"https:\/\/onarlar.com.tr\/index.php\/wp-json\/wp\/v2\/product"}],"about":[{"href":"https:\/\/onarlar.com.tr\/index.php\/wp-json\/wp\/v2\/types\/product"}],"replies":[{"embeddable":true,"href":"https:\/\/onarlar.com.tr\/index.php\/wp-json\/wp\/v2\/comments?post=1525"}],"version-history":[{"count":1,"href":"https:\/\/onarlar.com.tr\/index.php\/wp-json\/wp\/v2\/product\/1525\/revisions"}],"predecessor-version":[{"id":9840,"href":"https:\/\/onarlar.com.tr\/index.php\/wp-json\/wp\/v2\/product\/1525\/revisions\/9840"}],"wp:featuredmedia":[{"embeddable":true,"href":"https:\/\/onarlar.com.tr\/index.php\/wp-json\/wp\/v2\/media\/7558"}],"wp:attachment":[{"href":"https:\/\/onarlar.com.tr\/index.php\/wp-json\/wp\/v2\/media?parent=1525"}],"wp:term":[{"taxonomy":"product_brand","embeddable":true,"href":"https:\/\/onarlar.com.tr\/index.php\/wp-json\/wp\/v2\/product_brand?post=1525"},{"taxonomy":"product_cat","embeddable":true,"href":"https:\/\/onarlar.com.tr\/index.php\/wp-json\/wp\/v2\/product_cat?post=1525"},{"taxonomy":"product_tag","embeddable":true,"href":"https:\/\/onarlar.com.tr\/index.php\/wp-json\/wp\/v2\/product_tag?post=1525"}],"curies":[{"name":"wp","href":"https:\/\/api.w.org\/{rel}","templated":true}]}}