{"id":1538,"date":"2021-12-05T10:18:39","date_gmt":"2021-12-05T10:18:39","guid":{"rendered":"https:\/\/ninetheme.com\/themes\/goldsmith\/?post_type=product&#038;p=1538"},"modified":"2023-07-24T22:00:42","modified_gmt":"2023-07-24T19:00:42","slug":"the-renew-transit-backpack","status":"publish","type":"product","link":"https:\/\/onarlar.com.tr\/index.php\/product\/the-renew-transit-backpack\/","title":{"rendered":"Fantezi Y\u00fcz\u00fck Modelleri"},"content":{"rendered":"<p>Fantezi Y\u00fcz\u00fck Modelleri 001<\/p>\n","protected":false},"excerpt":{"rendered":"<p>Fantezi Y\u00fcz\u00fck Modelleri 002<\/p>\n","protected":false},"featured_media":7550,"comment_status":"open","ping_status":"closed","template":"","meta":{"_joinchat":[]},"product_brand":[],"product_cat":[36],"product_tag":[26,50],"class_list":{"0":"post-1538","1":"product","2":"type-product","3":"status-publish","4":"has-post-thumbnail","6":"product_cat-altin-yuzukler","7":"product_tag-cok-satan","8":"product_tag-trend","9":"goldsmith_product_brands-arpas","10":"goldsmith_product_brands-diva","11":"goldsmith_product_brands-label","12":"goldsmith_product_brands-onargold","13":"nt-post-class","14":"","20":"first","21":"outofstock","22":"shipping-taxable","23":"purchasable","24":"product-type-simple"},"jetpack_sharing_enabled":true,"_links":{"self":[{"href":"https:\/\/onarlar.com.tr\/index.php\/wp-json\/wp\/v2\/product\/1538","targetHints":{"allow":["GET"]}}],"collection":[{"href":"https:\/\/onarlar.com.tr\/index.php\/wp-json\/wp\/v2\/product"}],"about":[{"href":"https:\/\/onarlar.com.tr\/index.php\/wp-json\/wp\/v2\/types\/product"}],"replies":[{"embeddable":true,"href":"https:\/\/onarlar.com.tr\/index.php\/wp-json\/wp\/v2\/comments?post=1538"}],"version-history":[{"count":1,"href":"https:\/\/onarlar.com.tr\/index.php\/wp-json\/wp\/v2\/product\/1538\/revisions"}],"predecessor-version":[{"id":9836,"href":"https:\/\/onarlar.com.tr\/index.php\/wp-json\/wp\/v2\/product\/1538\/revisions\/9836"}],"wp:featuredmedia":[{"embeddable":true,"href":"https:\/\/onarlar.com.tr\/index.php\/wp-json\/wp\/v2\/media\/7550"}],"wp:attachment":[{"href":"https:\/\/onarlar.com.tr\/index.php\/wp-json\/wp\/v2\/media?parent=1538"}],"wp:term":[{"taxonomy":"product_brand","embeddable":true,"href":"https:\/\/onarlar.com.tr\/index.php\/wp-json\/wp\/v2\/product_brand?post=1538"},{"taxonomy":"product_cat","embeddable":true,"href":"https:\/\/onarlar.com.tr\/index.php\/wp-json\/wp\/v2\/product_cat?post=1538"},{"taxonomy":"product_tag","embeddable":true,"href":"https:\/\/onarlar.com.tr\/index.php\/wp-json\/wp\/v2\/product_tag?post=1538"}],"curies":[{"name":"wp","href":"https:\/\/api.w.org\/{rel}","templated":true}]}}