{"id":1545,"date":"2021-12-05T10:22:53","date_gmt":"2021-12-05T10:22:53","guid":{"rendered":"https:\/\/ninetheme.com\/themes\/goldsmith\/?post_type=product&#038;p=1545"},"modified":"2023-07-24T21:57:54","modified_gmt":"2023-07-24T18:57:54","slug":"the-oversized-alpaca-crew","status":"publish","type":"product","link":"https:\/\/onarlar.com.tr\/index.php\/product\/the-oversized-alpaca-crew\/","title":{"rendered":"Kabartmal\u0131 Halka K\u00fcpeler"},"content":{"rendered":"<p>Kabartmal\u0131 Halka K\u00fcpeler 04<\/p>\n","protected":false},"excerpt":{"rendered":"<p>Kabartmal\u0131 Halka K\u00fcpeler\u00a0 05<\/p>\n","protected":false},"featured_media":7542,"comment_status":"open","ping_status":"closed","template":"","meta":{"_joinchat":[]},"product_brand":[],"product_cat":[54],"product_tag":[50],"class_list":{"0":"post-1545","1":"product","2":"type-product","3":"status-publish","4":"has-post-thumbnail","6":"product_cat-halka","7":"product_tag-trend","8":"goldsmith_product_brands-ahlatci","9":"goldsmith_product_brands-arpas","10":"goldsmith_product_brands-diva","11":"goldsmith_product_brands-label","12":"goldsmith_product_brands-onargold","13":"nt-post-class","14":"","20":"first","21":"outofstock","22":"featured","23":"shipping-taxable","24":"purchasable","25":"product-type-simple"},"jetpack_sharing_enabled":true,"_links":{"self":[{"href":"https:\/\/onarlar.com.tr\/index.php\/wp-json\/wp\/v2\/product\/1545","targetHints":{"allow":["GET"]}}],"collection":[{"href":"https:\/\/onarlar.com.tr\/index.php\/wp-json\/wp\/v2\/product"}],"about":[{"href":"https:\/\/onarlar.com.tr\/index.php\/wp-json\/wp\/v2\/types\/product"}],"replies":[{"embeddable":true,"href":"https:\/\/onarlar.com.tr\/index.php\/wp-json\/wp\/v2\/comments?post=1545"}],"version-history":[{"count":1,"href":"https:\/\/onarlar.com.tr\/index.php\/wp-json\/wp\/v2\/product\/1545\/revisions"}],"predecessor-version":[{"id":9833,"href":"https:\/\/onarlar.com.tr\/index.php\/wp-json\/wp\/v2\/product\/1545\/revisions\/9833"}],"wp:featuredmedia":[{"embeddable":true,"href":"https:\/\/onarlar.com.tr\/index.php\/wp-json\/wp\/v2\/media\/7542"}],"wp:attachment":[{"href":"https:\/\/onarlar.com.tr\/index.php\/wp-json\/wp\/v2\/media?parent=1545"}],"wp:term":[{"taxonomy":"product_brand","embeddable":true,"href":"https:\/\/onarlar.com.tr\/index.php\/wp-json\/wp\/v2\/product_brand?post=1545"},{"taxonomy":"product_cat","embeddable":true,"href":"https:\/\/onarlar.com.tr\/index.php\/wp-json\/wp\/v2\/product_cat?post=1545"},{"taxonomy":"product_tag","embeddable":true,"href":"https:\/\/onarlar.com.tr\/index.php\/wp-json\/wp\/v2\/product_tag?post=1545"}],"curies":[{"name":"wp","href":"https:\/\/api.w.org\/{rel}","templated":true}]}}