{"id":1559,"date":"2021-12-05T10:53:54","date_gmt":"2021-12-05T10:53:54","guid":{"rendered":"https:\/\/ninetheme.com\/themes\/goldsmith\/?post_type=product&#038;p=1559"},"modified":"2023-07-24T21:59:51","modified_gmt":"2023-07-24T18:59:51","slug":"premium-weight-mockneck","status":"publish","type":"product","link":"https:\/\/onarlar.com.tr\/index.php\/product\/premium-weight-mockneck\/","title":{"rendered":"Halka u\u00e7lu k\u00fcpeler"},"content":{"rendered":"<p>Halka u\u00e7lu k\u00fcpeler\u00a0 \u00a0 01<\/p>\n","protected":false},"excerpt":{"rendered":"<p>Halka u\u00e7lu k\u00fcpeler\u00a0 \u00a002<\/p>\n","protected":false},"featured_media":7532,"comment_status":"open","ping_status":"closed","template":"","meta":{"_joinchat":[]},"product_brand":[],"product_cat":[54,41,34],"product_tag":[26,50],"class_list":{"0":"post-1559","1":"product","2":"type-product","3":"status-publish","4":"has-post-thumbnail","6":"product_cat-halka","7":"product_cat-kadin","8":"product_cat-kupeler","9":"product_tag-cok-satan","10":"product_tag-trend","11":"goldsmith_product_brands-ahlatci","12":"goldsmith_product_brands-diva","13":"nt-post-class","14":"","20":"first","21":"outofstock","22":"shipping-taxable","23":"purchasable","24":"product-type-simple"},"jetpack_sharing_enabled":true,"_links":{"self":[{"href":"https:\/\/onarlar.com.tr\/index.php\/wp-json\/wp\/v2\/product\/1559","targetHints":{"allow":["GET"]}}],"collection":[{"href":"https:\/\/onarlar.com.tr\/index.php\/wp-json\/wp\/v2\/product"}],"about":[{"href":"https:\/\/onarlar.com.tr\/index.php\/wp-json\/wp\/v2\/types\/product"}],"replies":[{"embeddable":true,"href":"https:\/\/onarlar.com.tr\/index.php\/wp-json\/wp\/v2\/comments?post=1559"}],"version-history":[{"count":2,"href":"https:\/\/onarlar.com.tr\/index.php\/wp-json\/wp\/v2\/product\/1559\/revisions"}],"predecessor-version":[{"id":9823,"href":"https:\/\/onarlar.com.tr\/index.php\/wp-json\/wp\/v2\/product\/1559\/revisions\/9823"}],"wp:featuredmedia":[{"embeddable":true,"href":"https:\/\/onarlar.com.tr\/index.php\/wp-json\/wp\/v2\/media\/7532"}],"wp:attachment":[{"href":"https:\/\/onarlar.com.tr\/index.php\/wp-json\/wp\/v2\/media?parent=1559"}],"wp:term":[{"taxonomy":"product_brand","embeddable":true,"href":"https:\/\/onarlar.com.tr\/index.php\/wp-json\/wp\/v2\/product_brand?post=1559"},{"taxonomy":"product_cat","embeddable":true,"href":"https:\/\/onarlar.com.tr\/index.php\/wp-json\/wp\/v2\/product_cat?post=1559"},{"taxonomy":"product_tag","embeddable":true,"href":"https:\/\/onarlar.com.tr\/index.php\/wp-json\/wp\/v2\/product_tag?post=1559"}],"curies":[{"name":"wp","href":"https:\/\/api.w.org\/{rel}","templated":true}]}}