{"id":1565,"date":"2021-12-05T11:16:47","date_gmt":"2021-12-05T11:16:47","guid":{"rendered":"https:\/\/ninetheme.com\/themes\/goldsmith\/?post_type=product&#038;p=1565"},"modified":"2023-07-24T21:17:25","modified_gmt":"2023-07-24T18:17:25","slug":"premium-brown-mockneck","status":"publish","type":"product","link":"https:\/\/onarlar.com.tr\/index.php\/product\/premium-brown-mockneck\/","title":{"rendered":"B\u00fck\u00fclm\u00fc\u015f Halka K\u00fcpeler"},"content":{"rendered":"<p>B\u00fck\u00fclm\u00fc\u015f halka k\u00fcpeler\u00a0 01<\/p>\n","protected":false},"excerpt":{"rendered":"<p>B\u00fck\u00fclm\u00fc\u015f halka k\u00fcpeler\u00a0 02<\/p>\n","protected":false},"featured_media":7523,"comment_status":"open","ping_status":"closed","template":"","meta":{"_joinchat":[]},"product_brand":[],"product_cat":[54,34],"product_tag":[26,50],"class_list":{"0":"post-1565","1":"product","2":"type-product","3":"status-publish","4":"has-post-thumbnail","6":"product_cat-halka","7":"product_cat-kupeler","8":"product_tag-cok-satan","9":"product_tag-trend","10":"goldsmith_product_brands-ahlatci","11":"goldsmith_product_brands-diva","12":"goldsmith_product_brands-label","13":"goldsmith_product_brands-onargold","14":"nt-post-class","15":"","21":"first","22":"outofstock","23":"sale","24":"downloadable","25":"shipping-taxable","26":"purchasable","27":"product-type-simple"},"jetpack_sharing_enabled":true,"_links":{"self":[{"href":"https:\/\/onarlar.com.tr\/index.php\/wp-json\/wp\/v2\/product\/1565","targetHints":{"allow":["GET"]}}],"collection":[{"href":"https:\/\/onarlar.com.tr\/index.php\/wp-json\/wp\/v2\/product"}],"about":[{"href":"https:\/\/onarlar.com.tr\/index.php\/wp-json\/wp\/v2\/types\/product"}],"replies":[{"embeddable":true,"href":"https:\/\/onarlar.com.tr\/index.php\/wp-json\/wp\/v2\/comments?post=1565"}],"version-history":[{"count":2,"href":"https:\/\/onarlar.com.tr\/index.php\/wp-json\/wp\/v2\/product\/1565\/revisions"}],"predecessor-version":[{"id":9827,"href":"https:\/\/onarlar.com.tr\/index.php\/wp-json\/wp\/v2\/product\/1565\/revisions\/9827"}],"wp:featuredmedia":[{"embeddable":true,"href":"https:\/\/onarlar.com.tr\/index.php\/wp-json\/wp\/v2\/media\/7523"}],"wp:attachment":[{"href":"https:\/\/onarlar.com.tr\/index.php\/wp-json\/wp\/v2\/media?parent=1565"}],"wp:term":[{"taxonomy":"product_brand","embeddable":true,"href":"https:\/\/onarlar.com.tr\/index.php\/wp-json\/wp\/v2\/product_brand?post=1565"},{"taxonomy":"product_cat","embeddable":true,"href":"https:\/\/onarlar.com.tr\/index.php\/wp-json\/wp\/v2\/product_cat?post=1565"},{"taxonomy":"product_tag","embeddable":true,"href":"https:\/\/onarlar.com.tr\/index.php\/wp-json\/wp\/v2\/product_tag?post=1565"}],"curies":[{"name":"wp","href":"https:\/\/api.w.org\/{rel}","templated":true}]}}