{"id":1580,"date":"2021-12-06T15:00:46","date_gmt":"2021-12-06T15:00:46","guid":{"rendered":"https:\/\/ninetheme.com\/themes\/goldsmith\/?post_type=product&#038;p=1580"},"modified":"2023-07-16T02:36:24","modified_gmt":"2023-07-15T23:36:24","slug":"the-air-scoop-neck-tee","status":"publish","type":"product","link":"https:\/\/onarlar.com.tr\/index.php\/product\/the-air-scoop-neck-tee\/","title":{"rendered":"\u00c7ivi K\u00fcpe Halka"},"content":{"rendered":"<p>\u00c7ivi K\u00fcpe Halka<\/p>\n<h4>\u00d6zellikler<\/h4>\n<ul class=\"goldsmith-product-features-list\">\n<li>14 ayar k\u00fcpe<\/li>\n<\/ul>\n","protected":false},"excerpt":{"rendered":"<p><span style=\"vertical-align: inherit;\"><span style=\"vertical-align: inherit;\">\u00c7ivi K\u00fcpe 01<\/span><\/span><\/p>\n","protected":false},"featured_media":7513,"comment_status":"open","ping_status":"closed","template":"","meta":{"_joinchat":[]},"product_brand":[],"product_cat":[54,34],"product_tag":[26,50],"class_list":{"0":"post-1580","1":"product","2":"type-product","3":"status-publish","4":"has-post-thumbnail","6":"product_cat-halka","7":"product_cat-kupeler","8":"product_tag-cok-satan","9":"product_tag-trend","10":"goldsmith_product_brands-ahlatci","11":"goldsmith_product_brands-diva","12":"goldsmith_product_brands-onargold","13":"nt-post-class","14":"","20":"first","21":"outofstock","22":"sale","23":"shipping-taxable","24":"purchasable","25":"product-type-simple"},"jetpack_sharing_enabled":true,"_links":{"self":[{"href":"https:\/\/onarlar.com.tr\/index.php\/wp-json\/wp\/v2\/product\/1580","targetHints":{"allow":["GET"]}}],"collection":[{"href":"https:\/\/onarlar.com.tr\/index.php\/wp-json\/wp\/v2\/product"}],"about":[{"href":"https:\/\/onarlar.com.tr\/index.php\/wp-json\/wp\/v2\/types\/product"}],"replies":[{"embeddable":true,"href":"https:\/\/onarlar.com.tr\/index.php\/wp-json\/wp\/v2\/comments?post=1580"}],"version-history":[{"count":3,"href":"https:\/\/onarlar.com.tr\/index.php\/wp-json\/wp\/v2\/product\/1580\/revisions"}],"predecessor-version":[{"id":9807,"href":"https:\/\/onarlar.com.tr\/index.php\/wp-json\/wp\/v2\/product\/1580\/revisions\/9807"}],"wp:featuredmedia":[{"embeddable":true,"href":"https:\/\/onarlar.com.tr\/index.php\/wp-json\/wp\/v2\/media\/7513"}],"wp:attachment":[{"href":"https:\/\/onarlar.com.tr\/index.php\/wp-json\/wp\/v2\/media?parent=1580"}],"wp:term":[{"taxonomy":"product_brand","embeddable":true,"href":"https:\/\/onarlar.com.tr\/index.php\/wp-json\/wp\/v2\/product_brand?post=1580"},{"taxonomy":"product_cat","embeddable":true,"href":"https:\/\/onarlar.com.tr\/index.php\/wp-json\/wp\/v2\/product_cat?post=1580"},{"taxonomy":"product_tag","embeddable":true,"href":"https:\/\/onarlar.com.tr\/index.php\/wp-json\/wp\/v2\/product_tag?post=1580"}],"curies":[{"name":"wp","href":"https:\/\/api.w.org\/{rel}","templated":true}]}}