{"id":728,"date":"2021-10-07T05:44:39","date_gmt":"2021-10-07T05:44:39","guid":{"rendered":"https:\/\/ninetheme.com\/themes\/goldsmith\/?post_type=product&#038;p=728"},"modified":"2023-07-16T02:33:21","modified_gmt":"2023-07-15T23:33:21","slug":"black-man-t-shirt","status":"publish","type":"product","link":"https:\/\/onarlar.com.tr\/index.php\/product\/black-man-t-shirt\/","title":{"rendered":"\u00c7ivi K\u00fcpe Halka Modelleri"},"content":{"rendered":"<p>\u00c7ivi K\u00fcpe Halka Modelleri\u00a0 01<\/p>\n","protected":false},"excerpt":{"rendered":"<ul class=\"goldsmith-product-features-list\">\n<li>\u00c7ivi K\u00fcpe Halka Modelleri\u00a0 002<\/li>\n<\/ul>\n","protected":false},"featured_media":7599,"comment_status":"open","ping_status":"closed","template":"","meta":{"_joinchat":[]},"product_brand":[],"product_cat":[54],"product_tag":[50],"class_list":{"0":"post-728","1":"product","2":"type-product","3":"status-publish","4":"has-post-thumbnail","6":"product_cat-halka","7":"product_tag-trend","8":"goldsmith_product_brands-arpas","9":"goldsmith_product_brands-diva","10":"goldsmith_product_brands-label","11":"goldsmith_product_brands-onargold","12":"nt-post-class","13":"","19":"first","20":"outofstock","21":"shipping-taxable","22":"purchasable","23":"product-type-simple"},"jetpack_sharing_enabled":true,"_links":{"self":[{"href":"https:\/\/onarlar.com.tr\/index.php\/wp-json\/wp\/v2\/product\/728","targetHints":{"allow":["GET"]}}],"collection":[{"href":"https:\/\/onarlar.com.tr\/index.php\/wp-json\/wp\/v2\/product"}],"about":[{"href":"https:\/\/onarlar.com.tr\/index.php\/wp-json\/wp\/v2\/types\/product"}],"replies":[{"embeddable":true,"href":"https:\/\/onarlar.com.tr\/index.php\/wp-json\/wp\/v2\/comments?post=728"}],"version-history":[{"count":3,"href":"https:\/\/onarlar.com.tr\/index.php\/wp-json\/wp\/v2\/product\/728\/revisions"}],"predecessor-version":[{"id":9858,"href":"https:\/\/onarlar.com.tr\/index.php\/wp-json\/wp\/v2\/product\/728\/revisions\/9858"}],"wp:featuredmedia":[{"embeddable":true,"href":"https:\/\/onarlar.com.tr\/index.php\/wp-json\/wp\/v2\/media\/7599"}],"wp:attachment":[{"href":"https:\/\/onarlar.com.tr\/index.php\/wp-json\/wp\/v2\/media?parent=728"}],"wp:term":[{"taxonomy":"product_brand","embeddable":true,"href":"https:\/\/onarlar.com.tr\/index.php\/wp-json\/wp\/v2\/product_brand?post=728"},{"taxonomy":"product_cat","embeddable":true,"href":"https:\/\/onarlar.com.tr\/index.php\/wp-json\/wp\/v2\/product_cat?post=728"},{"taxonomy":"product_tag","embeddable":true,"href":"https:\/\/onarlar.com.tr\/index.php\/wp-json\/wp\/v2\/product_tag?post=728"}],"curies":[{"name":"wp","href":"https:\/\/api.w.org\/{rel}","templated":true}]}}