{"id":778,"date":"2021-10-07T05:44:55","date_gmt":"2021-10-07T05:44:55","guid":{"rendered":"https:\/\/ninetheme.com\/themes\/goldsmith\/?post_type=product&#038;p=778"},"modified":"2023-07-16T02:28:50","modified_gmt":"2023-07-15T23:28:50","slug":"adidas-norm","status":"publish","type":"product","link":"https:\/\/onarlar.com.tr\/index.php\/product\/adidas-norm\/","title":{"rendered":"Alt\u0131n Sallant\u0131l\u0131 K\u00fcpeler"},"content":{"rendered":"<div class=\"CCgQ5 vCa9Yd QfkTvb N8QANc MUxGbd v0nnCb\" role=\"heading\" aria-level=\"3\">Alt\u0131n Sallant\u0131l\u0131 K\u00fcpeler 001<\/div>\n","protected":false},"excerpt":{"rendered":"<div class=\"CCgQ5 vCa9Yd QfkTvb N8QANc MUxGbd v0nnCb\" role=\"heading\" aria-level=\"3\">Alt\u0131n Sallant\u0131l\u0131 K\u00fcpeler<\/div>\n","protected":false},"featured_media":7592,"comment_status":"open","ping_status":"closed","template":"","meta":{"_joinchat":[]},"product_brand":[],"product_cat":[34],"product_tag":[50],"class_list":{"0":"post-778","1":"product","2":"type-product","3":"status-publish","4":"has-post-thumbnail","6":"product_cat-kupeler","7":"product_tag-trend","8":"goldsmith_product_brands-ahlatci","9":"goldsmith_product_brands-arpas","10":"goldsmith_product_brands-onargold","11":"nt-post-class","12":"","18":"first","19":"outofstock","20":"featured","21":"shipping-taxable","22":"purchasable","23":"product-type-simple"},"jetpack_sharing_enabled":true,"_links":{"self":[{"href":"https:\/\/onarlar.com.tr\/index.php\/wp-json\/wp\/v2\/product\/778","targetHints":{"allow":["GET"]}}],"collection":[{"href":"https:\/\/onarlar.com.tr\/index.php\/wp-json\/wp\/v2\/product"}],"about":[{"href":"https:\/\/onarlar.com.tr\/index.php\/wp-json\/wp\/v2\/types\/product"}],"replies":[{"embeddable":true,"href":"https:\/\/onarlar.com.tr\/index.php\/wp-json\/wp\/v2\/comments?post=778"}],"version-history":[{"count":2,"href":"https:\/\/onarlar.com.tr\/index.php\/wp-json\/wp\/v2\/product\/778\/revisions"}],"predecessor-version":[{"id":9855,"href":"https:\/\/onarlar.com.tr\/index.php\/wp-json\/wp\/v2\/product\/778\/revisions\/9855"}],"wp:featuredmedia":[{"embeddable":true,"href":"https:\/\/onarlar.com.tr\/index.php\/wp-json\/wp\/v2\/media\/7592"}],"wp:attachment":[{"href":"https:\/\/onarlar.com.tr\/index.php\/wp-json\/wp\/v2\/media?parent=778"}],"wp:term":[{"taxonomy":"product_brand","embeddable":true,"href":"https:\/\/onarlar.com.tr\/index.php\/wp-json\/wp\/v2\/product_brand?post=778"},{"taxonomy":"product_cat","embeddable":true,"href":"https:\/\/onarlar.com.tr\/index.php\/wp-json\/wp\/v2\/product_cat?post=778"},{"taxonomy":"product_tag","embeddable":true,"href":"https:\/\/onarlar.com.tr\/index.php\/wp-json\/wp\/v2\/product_tag?post=778"}],"curies":[{"name":"wp","href":"https:\/\/api.w.org\/{rel}","templated":true}]}}