{"id":841,"date":"2021-10-13T16:08:39","date_gmt":"2021-10-13T16:08:39","guid":{"rendered":"https:\/\/ninetheme.com\/themes\/goldsmith\/?post_type=product&#038;p=841"},"modified":"2023-07-16T02:24:53","modified_gmt":"2023-07-15T23:24:53","slug":"black-wanto-shoes","status":"publish","type":"product","link":"https:\/\/onarlar.com.tr\/index.php\/product\/black-wanto-shoes\/","title":{"rendered":"Ta\u015fl\u0131 \u015e\u0131k Bileklik Modelleri"},"content":{"rendered":"<p>Ta\u015fl\u0131 \u015e\u0131k Bileklik Modelleri\u00a0 001<\/p>\n","protected":false},"excerpt":{"rendered":"<ul class=\"goldsmith-product-features-list\">\n<li>Ta\u015fl\u0131 \u015e\u0131k Bileklik Modelleri<\/li>\n<\/ul>\n","protected":false},"featured_media":7586,"comment_status":"open","ping_status":"closed","template":"","meta":{"_joinchat":[]},"product_brand":[],"product_cat":[15],"product_tag":[50],"class_list":{"0":"post-841","1":"product","2":"type-product","3":"status-publish","4":"has-post-thumbnail","6":"product_cat-kunye","7":"product_tag-trend","8":"goldsmith_product_brands-arpas","9":"goldsmith_product_brands-diva","10":"goldsmith_product_brands-label","11":"goldsmith_product_brands-onargold","12":"nt-post-class","13":"","19":"first","20":"outofstock","21":"sale","22":"shipping-taxable","23":"purchasable","24":"product-type-simple"},"jetpack_sharing_enabled":true,"_links":{"self":[{"href":"https:\/\/onarlar.com.tr\/index.php\/wp-json\/wp\/v2\/product\/841","targetHints":{"allow":["GET"]}}],"collection":[{"href":"https:\/\/onarlar.com.tr\/index.php\/wp-json\/wp\/v2\/product"}],"about":[{"href":"https:\/\/onarlar.com.tr\/index.php\/wp-json\/wp\/v2\/types\/product"}],"replies":[{"embeddable":true,"href":"https:\/\/onarlar.com.tr\/index.php\/wp-json\/wp\/v2\/comments?post=841"}],"version-history":[{"count":3,"href":"https:\/\/onarlar.com.tr\/index.php\/wp-json\/wp\/v2\/product\/841\/revisions"}],"predecessor-version":[{"id":9852,"href":"https:\/\/onarlar.com.tr\/index.php\/wp-json\/wp\/v2\/product\/841\/revisions\/9852"}],"wp:featuredmedia":[{"embeddable":true,"href":"https:\/\/onarlar.com.tr\/index.php\/wp-json\/wp\/v2\/media\/7586"}],"wp:attachment":[{"href":"https:\/\/onarlar.com.tr\/index.php\/wp-json\/wp\/v2\/media?parent=841"}],"wp:term":[{"taxonomy":"product_brand","embeddable":true,"href":"https:\/\/onarlar.com.tr\/index.php\/wp-json\/wp\/v2\/product_brand?post=841"},{"taxonomy":"product_cat","embeddable":true,"href":"https:\/\/onarlar.com.tr\/index.php\/wp-json\/wp\/v2\/product_cat?post=841"},{"taxonomy":"product_tag","embeddable":true,"href":"https:\/\/onarlar.com.tr\/index.php\/wp-json\/wp\/v2\/product_tag?post=841"}],"curies":[{"name":"wp","href":"https:\/\/api.w.org\/{rel}","templated":true}]}}