{"id":9673,"date":"2021-09-09T18:47:46","date_gmt":"2021-09-09T18:47:46","guid":{"rendered":"https:\/\/ninetheme.com\/themes\/goldsmith\/?post_type=product&#038;p=12"},"modified":"2023-07-24T21:54:22","modified_gmt":"2023-07-24T18:54:22","slug":"simple-product","status":"publish","type":"product","link":"https:\/\/onarlar.com.tr\/index.php\/product\/simple-product\/","title":{"rendered":"Alt\u0131n K\u00fcnye"},"content":{"rendered":"<p>Alt\u0131n K\u00fcnye<\/p>\n","protected":false},"excerpt":{"rendered":"<p>Alt\u0131n K\u00fcnye\u00a0 001<\/p>\n","protected":false},"featured_media":9867,"comment_status":"open","ping_status":"closed","template":"","meta":{"_joinchat":[]},"product_brand":[],"product_cat":[15],"product_tag":[26],"class_list":{"0":"post-9673","1":"product","2":"type-product","3":"status-publish","4":"has-post-thumbnail","6":"product_cat-kunye","7":"product_tag-cok-satan","8":"goldsmith_product_brands-diva","9":"nt-post-class","10":"","16":"first","17":"outofstock","18":"sale","19":"shipping-taxable","20":"purchasable","21":"product-type-simple"},"jetpack_sharing_enabled":true,"_links":{"self":[{"href":"https:\/\/onarlar.com.tr\/index.php\/wp-json\/wp\/v2\/product\/9673","targetHints":{"allow":["GET"]}}],"collection":[{"href":"https:\/\/onarlar.com.tr\/index.php\/wp-json\/wp\/v2\/product"}],"about":[{"href":"https:\/\/onarlar.com.tr\/index.php\/wp-json\/wp\/v2\/types\/product"}],"replies":[{"embeddable":true,"href":"https:\/\/onarlar.com.tr\/index.php\/wp-json\/wp\/v2\/comments?post=9673"}],"version-history":[{"count":3,"href":"https:\/\/onarlar.com.tr\/index.php\/wp-json\/wp\/v2\/product\/9673\/revisions"}],"predecessor-version":[{"id":9869,"href":"https:\/\/onarlar.com.tr\/index.php\/wp-json\/wp\/v2\/product\/9673\/revisions\/9869"}],"wp:featuredmedia":[{"embeddable":true,"href":"https:\/\/onarlar.com.tr\/index.php\/wp-json\/wp\/v2\/media\/9867"}],"wp:attachment":[{"href":"https:\/\/onarlar.com.tr\/index.php\/wp-json\/wp\/v2\/media?parent=9673"}],"wp:term":[{"taxonomy":"product_brand","embeddable":true,"href":"https:\/\/onarlar.com.tr\/index.php\/wp-json\/wp\/v2\/product_brand?post=9673"},{"taxonomy":"product_cat","embeddable":true,"href":"https:\/\/onarlar.com.tr\/index.php\/wp-json\/wp\/v2\/product_cat?post=9673"},{"taxonomy":"product_tag","embeddable":true,"href":"https:\/\/onarlar.com.tr\/index.php\/wp-json\/wp\/v2\/product_tag?post=9673"}],"curies":[{"name":"wp","href":"https:\/\/api.w.org\/{rel}","templated":true}]}}